{"id":207,"date":"2025-01-30T08:10:50","date_gmt":"2025-01-30T08:10:50","guid":{"rendered":"https:\/\/rivieracharter.fr\/?page_id=207"},"modified":"2025-05-19T06:40:15","modified_gmt":"2025-05-19T06:40:15","slug":"services","status":"publish","type":"page","link":"https:\/\/rivieracharter.fr\/en\/services\/","title":{"rendered":"Services"},"content":{"rendered":"<div class=\"wp-block-uagb-container uagb-block-c6244e5c alignfull uagb-is-root-container\"><div class=\"uagb-container-inner-blocks-wrap\">\n<div class=\"wp-block-uagb-advanced-heading uagb-block-ffe6145f\"><h1 class=\"uagb-heading-text\">Exquisite service onboard<\/h1><\/div>\n\n\n\n<div class=\"wp-block-uagb-advanced-heading uagb-block-63411cb8\"><\/div>\n<\/div><\/div>\n\n\n\n<div style=\"height:30px\" aria-hidden=\"true\" class=\"wp-block-spacer\"><\/div>\n\n\n\n<div class=\"wp-block-uagb-container uagb-block-bbbf444f alignfull uagb-is-root-container\"><div class=\"uagb-container-inner-blocks-wrap\">\n<div class=\"wp-block-uagb-container uagb-block-5c0157bc\">\n<div class=\"wp-block-uagb-image uagb-block-7da2f4c3 wp-block-uagb-image--layout-default wp-block-uagb-image--effect-static wp-block-uagb-image--align-none\"><figure class=\"wp-block-uagb-image__figure\"><img decoding=\"async\" srcset=\"https:\/\/rivieracharter.fr\/wp-content\/uploads\/gc6002206e187073912075ffddbdba4a07c051b26367a83574468cdd51299ca27b75587d854442b84f3755160bdd841cac2775a0d0baa539d1c1ee553f56ac572_1280-7868140-680x1024.jpg ,https:\/\/rivieracharter.fr\/wp-content\/uploads\/gc6002206e187073912075ffddbdba4a07c051b26367a83574468cdd51299ca27b75587d854442b84f3755160bdd841cac2775a0d0baa539d1c1ee553f56ac572_1280-7868140.jpg 780w, https:\/\/rivieracharter.fr\/wp-content\/uploads\/gc6002206e187073912075ffddbdba4a07c051b26367a83574468cdd51299ca27b75587d854442b84f3755160bdd841cac2775a0d0baa539d1c1ee553f56ac572_1280-7868140.jpg 360w\" sizes=\"auto, (max-width: 480px) 150px\" src=\"https:\/\/rivieracharter.fr\/wp-content\/uploads\/gc6002206e187073912075ffddbdba4a07c051b26367a83574468cdd51299ca27b75587d854442b84f3755160bdd841cac2775a0d0baa539d1c1ee553f56ac572_1280-7868140-680x1024.jpg\" alt=\"set table, cover, cutlery, plate, meal, table, dinner, lunch, cover, table, dinner, dinner, dinner, dinner, dinner, lunch, lunch\" class=\"uag-image-229\" width=\"500\" height=\"500\" title=\"\" loading=\"lazy\" role=\"img\"\/><\/figure><\/div>\n<\/div>\n\n\n\n<div class=\"wp-block-uagb-container uagb-block-4b36fc3f\">\n<div class=\"wp-block-uagb-advanced-heading uagb-block-8add498a\"><h2 class=\"uagb-heading-text\">Des saveurs exquises pour sublimer votre croisi\u00e8re<\/h2><div class=\"uagb-separator\"><\/div><p class=\"uagb-desc-text\">Profitez d&rsquo;un service attentif o\u00f9 votre cheffe pr\u00e9pare des snacks, des boissons et des repas savoureux \u00e0 partir de produits locaux et de saison, s\u00e9lectionn\u00e9s avec soin.<\/p><\/div>\n\n\n\n<div class=\"wp-block-uagb-advanced-heading uagb-block-50583f69\"><p class=\"uagb-heading-text\">Une vari\u00e9t\u00e9 de choix s&rsquo;offre \u00e0 vous pour faire de chaque instant \u00e0 bord une exp\u00e9rience gourmande. D\u00e9gustez des collations incluses tout au long de votre s\u00e9jour et laissez-vous s\u00e9duire par un menu raffin\u00e9, soigneusement con\u00e7u par votre cheffe.<\/p><\/div>\n\n\n\n<div style=\"height:40px\" aria-hidden=\"true\" class=\"wp-block-spacer\"><\/div>\n\n\n\n<div class=\"wp-block-uagb-advanced-heading uagb-block-b67bfae0\"><p class=\"uagb-heading-text\"><a href=\"#La-carte\">Faites votre choix sur notre carte<\/a><\/p><\/div>\n<\/div>\n<\/div><\/div>\n\n\n\n<div style=\"height:40px\" aria-hidden=\"true\" class=\"wp-block-spacer\"><\/div>\n\n\n\n<div id=\"La-carte\" class=\"wp-block-uagb-container uagb-block-92302270 alignfull uagb-is-root-container\"><div class=\"uagb-container-inner-blocks-wrap\">\n<div class=\"wp-block-uagb-advanced-heading uagb-block-13932baf\"><h2 class=\"uagb-heading-text\">La carte<\/h2><\/div>\n\n\n\n<div style=\"height:40px\" aria-hidden=\"true\" class=\"wp-block-spacer\"><\/div>\n\n\n\n<div class=\"wp-block-uagb-container uagb-block-4b63f01d\">\n<div class=\"wp-block-uagb-image uagb-block-fb3e73d8 wp-block-uagb-image--layout-default wp-block-uagb-image--effect-static wp-block-uagb-image--align-none\"><figure class=\"wp-block-uagb-image__figure\"><img decoding=\"async\" srcset=\"https:\/\/rivieracharter.fr\/wp-content\/uploads\/Carte-Menu-a-bord-Riviera-Charter-Offre-1024x791.jpg ,https:\/\/rivieracharter.fr\/wp-content\/uploads\/Carte-Menu-a-bord-Riviera-Charter-Offre-1024x791.jpg 780w, https:\/\/rivieracharter.fr\/wp-content\/uploads\/Carte-Menu-a-bord-Riviera-Charter-Offre.jpg 360w\" sizes=\"auto, (max-width: 480px) 150px\" src=\"https:\/\/rivieracharter.fr\/wp-content\/uploads\/Carte-Menu-a-bord-Riviera-Charter-Offre-1024x791.jpg\" alt=\"Carte Menu \u00e0 bord Riviera Charter Offre\" class=\"uag-image-748\" width=\"2000\" height=\"1545\" title=\"Carte Menu \u00e0 bord Riviera Charter Offre\" loading=\"lazy\" role=\"img\"\/><\/figure><\/div>\n<\/div>\n\n\n\n<div style=\"height:20px\" aria-hidden=\"true\" class=\"wp-block-spacer\"><\/div>\n\n\n\n<div class=\"wp-block-uagb-container uagb-block-01e9a884\">\t\t\t\t\t<div\n\t\t\t\t\t\tclass=\"wp-block-uagb-image-gallery uagb-block-cf527362\"\n\t\t\t\t\t\tstyle=\"\"\n\t\t\t\t\t>\n\t\t\t\t\t\t\t\t\t\t\t<div class=\"spectra-image-gallery spectra-image-gallery__layout--carousel\">\n\t\t\t\t\t\t\t\t<div class=\"uagb-slick-carousel uagb-block-cf527362\">\n\t\t\t\t\t\t\t\t\t\t\t\t<div class='spectra-image-gallery__media-wrapper' data-spectra-gallery-image-id='749'>\n\t\t\t\t\t\t\t<div class=\"spectra-image-gallery__media spectra-image-gallery__media--carousel\">\n\t\t\t\t<picture>\n\t\t\t\t\t<source media=\"(min-width: 1024px)\" srcset=\"https:\/\/rivieracharter.fr\/wp-content\/uploads\/Carte-Menu-a-bord-Riviera-Charter-Detils.jpg\">\n\t\t\t\t\t<source media=\"(min-width: 768px)\" srcset=\"https:\/\/rivieracharter.fr\/wp-content\/uploads\/Carte-Menu-a-bord-Riviera-Charter-Detils-1024x791.jpg\">\n\t\t\t\t\t<img decoding=\"async\" class=\"spectra-image-gallery__media-thumbnail spectra-image-gallery__media-thumbnail--carousel\" src=\"https:\/\/rivieracharter.fr\/wp-content\/uploads\/Carte-Menu-a-bord-Riviera-Charter-Detils-300x232.jpg\" alt=\"Carte Menu \u00e0 bord Riviera Charter D\u00e9tils\" loading=\"lazy\" \/>\n\t\t\t\t<\/picture>\n\t\t\t\t<div class=\"spectra-image-gallery__media-thumbnail-blurrer\"><\/div>\n\t\t\t\t\t\t\t\t\t\t\t<div class=\"spectra-image-gallery__media-thumbnail-caption-wrapper spectra-image-gallery__media-thumbnail-caption-wrapper--overlay\"><\/div>\n\t\t\t\t\t\t\t\t<\/div>\n\t\t\t\t\t\t<\/div>\n\t\t\t\t\t\t\t\t\t\t\t<\/div>\n\t\t\t\t\t\t\t<\/div>\n\t\t\t\t\t\t\t\t\t\t\t<\/div>\n\t\t\t\t\t\t\t\t\t<\/div>\n<\/div><\/div>\n\n\n\n<div style=\"height:20px\" aria-hidden=\"true\" class=\"wp-block-spacer\"><\/div>\n\n\n\n<div class=\"wp-block-uagb-buttons uagb-buttons__outer-wrap uagb-btn__default-btn uagb-btn-tablet__default-btn uagb-btn-mobile__default-btn uagb-block-07a1358e\"><div class=\"uagb-buttons__wrap uagb-buttons-layout-wrap\">\n<div class=\"wp-block-uagb-buttons-child uagb-buttons__outer-wrap uagb-block-22298c85 wp-block-button\"><div class=\"uagb-button__wrapper\"><a class=\"uagb-buttons-repeater wp-block-button__link\" aria-label=\"\" href=\"https:\/\/rivieracharter.fr\/en\/cruises\/\" rel=\"follow noopener\" target=\"_self\" role=\"button\"><div class=\"uagb-button__link\">Book now<\/div><\/a><\/div><\/div>\n<\/div><\/div>","protected":false},"excerpt":{"rendered":"<p>Le service \u00e0 bord Des saveurs exquises pour sublimer votre croisi\u00e8re Profitez d&rsquo;un service attentif [&hellip;]<\/p>\n","protected":false},"author":1,"featured_media":0,"parent":0,"menu_order":0,"comment_status":"closed","ping_status":"closed","template":"page-no-title","meta":{"_crdt_document":"","_uag_custom_page_level_css":"","footnotes":""},"class_list":["post-207","page","type-page","status-publish","hentry"],"yoast_head":"<!-- This site is optimized with the Yoast SEO plugin v27.6 - https:\/\/yoast.com\/product\/yoast-seo-wordpress\/ -->\r\n<title>Services - Riviera Charter<\/title>\r\n<meta name=\"robots\" content=\"index, follow, max-snippet:-1, max-image-preview:large, max-video-preview:-1\" \/>\r\n<link rel=\"canonical\" href=\"https:\/\/rivieracharter.fr\/en\/services\/\" \/>\r\n<meta property=\"og:locale\" content=\"en_US\" \/>\r\n<meta property=\"og:type\" content=\"article\" \/>\r\n<meta property=\"og:title\" content=\"Services - Riviera Charter\" \/>\r\n<meta property=\"og:description\" content=\"Le service \u00e0 bord Des saveurs exquises pour sublimer votre croisi\u00e8re Profitez d&rsquo;un service attentif [&hellip;]\" \/>\r\n<meta property=\"og:url\" content=\"https:\/\/rivieracharter.fr\/en\/services\/\" \/>\r\n<meta property=\"og:site_name\" content=\"Riviera Charter\" \/>\r\n<meta property=\"article:modified_time\" content=\"2025-05-19T06:40:15+00:00\" \/>\r\n<meta property=\"og:image\" content=\"https:\/\/rivieracharter.fr\/wp-content\/uploads\/gc6002206e187073912075ffddbdba4a07c051b26367a83574468cdd51299ca27b75587d854442b84f3755160bdd841cac2775a0d0baa539d1c1ee553f56ac572_1280-7868140-680x1024.jpg\" \/>\r\n<meta name=\"twitter:card\" content=\"summary_large_image\" \/>\r\n<meta name=\"twitter:label1\" content=\"Est. reading time\" \/>\n\t<meta name=\"twitter:data1\" content=\"1 minute\" \/>\r\n<script type=\"application\/ld+json\" class=\"yoast-schema-graph\">{\"@context\":\"https:\\\/\\\/schema.org\",\"@graph\":[{\"@type\":\"WebPage\",\"@id\":\"https:\\\/\\\/rivieracharter.fr\\\/services\\\/\",\"url\":\"https:\\\/\\\/rivieracharter.fr\\\/services\\\/\",\"name\":\"Services - Riviera Charter\",\"isPartOf\":{\"@id\":\"https:\\\/\\\/rivieracharter.fr\\\/#website\"},\"primaryImageOfPage\":{\"@id\":\"https:\\\/\\\/rivieracharter.fr\\\/services\\\/#primaryimage\"},\"image\":{\"@id\":\"https:\\\/\\\/rivieracharter.fr\\\/services\\\/#primaryimage\"},\"thumbnailUrl\":\"https:\\\/\\\/rivieracharter.fr\\\/wp-content\\\/uploads\\\/gc6002206e187073912075ffddbdba4a07c051b26367a83574468cdd51299ca27b75587d854442b84f3755160bdd841cac2775a0d0baa539d1c1ee553f56ac572_1280-7868140-680x1024.jpg\",\"datePublished\":\"2025-01-30T08:10:50+00:00\",\"dateModified\":\"2025-05-19T06:40:15+00:00\",\"breadcrumb\":{\"@id\":\"https:\\\/\\\/rivieracharter.fr\\\/services\\\/#breadcrumb\"},\"inLanguage\":\"en-US\",\"potentialAction\":[{\"@type\":\"ReadAction\",\"target\":[\"https:\\\/\\\/rivieracharter.fr\\\/services\\\/\"]}]},{\"@type\":\"ImageObject\",\"inLanguage\":\"en-US\",\"@id\":\"https:\\\/\\\/rivieracharter.fr\\\/services\\\/#primaryimage\",\"url\":\"https:\\\/\\\/rivieracharter.fr\\\/wp-content\\\/uploads\\\/gc6002206e187073912075ffddbdba4a07c051b26367a83574468cdd51299ca27b75587d854442b84f3755160bdd841cac2775a0d0baa539d1c1ee553f56ac572_1280-7868140-680x1024.jpg\",\"contentUrl\":\"https:\\\/\\\/rivieracharter.fr\\\/wp-content\\\/uploads\\\/gc6002206e187073912075ffddbdba4a07c051b26367a83574468cdd51299ca27b75587d854442b84f3755160bdd841cac2775a0d0baa539d1c1ee553f56ac572_1280-7868140-680x1024.jpg\"},{\"@type\":\"BreadcrumbList\",\"@id\":\"https:\\\/\\\/rivieracharter.fr\\\/services\\\/#breadcrumb\",\"itemListElement\":[{\"@type\":\"ListItem\",\"position\":1,\"name\":\"Accueil\",\"item\":\"https:\\\/\\\/rivieracharter.fr\\\/\"},{\"@type\":\"ListItem\",\"position\":2,\"name\":\"Services\"}]},{\"@type\":\"WebSite\",\"@id\":\"https:\\\/\\\/rivieracharter.fr\\\/#website\",\"url\":\"https:\\\/\\\/rivieracharter.fr\\\/\",\"name\":\"Riviera Charter\",\"description\":\"Croisi\u00e8re d&#039;exception sur la c\u00f4te d&#039;Azur\",\"publisher\":{\"@id\":\"https:\\\/\\\/rivieracharter.fr\\\/#organization\"},\"potentialAction\":[{\"@type\":\"SearchAction\",\"target\":{\"@type\":\"EntryPoint\",\"urlTemplate\":\"https:\\\/\\\/rivieracharter.fr\\\/?s={search_term_string}\"},\"query-input\":{\"@type\":\"PropertyValueSpecification\",\"valueRequired\":true,\"valueName\":\"search_term_string\"}}],\"inLanguage\":\"en-US\"},{\"@type\":\"Organization\",\"@id\":\"https:\\\/\\\/rivieracharter.fr\\\/#organization\",\"name\":\"Riviera Charter\",\"url\":\"https:\\\/\\\/rivieracharter.fr\\\/\",\"logo\":{\"@type\":\"ImageObject\",\"inLanguage\":\"en-US\",\"@id\":\"https:\\\/\\\/rivieracharter.fr\\\/#\\\/schema\\\/logo\\\/image\\\/\",\"url\":\"https:\\\/\\\/rivieracharter.fr\\\/wp-content\\\/uploads\\\/RC-Logo.jpg\",\"contentUrl\":\"https:\\\/\\\/rivieracharter.fr\\\/wp-content\\\/uploads\\\/RC-Logo.jpg\",\"width\":512,\"height\":512,\"caption\":\"Riviera Charter\"},\"image\":{\"@id\":\"https:\\\/\\\/rivieracharter.fr\\\/#\\\/schema\\\/logo\\\/image\\\/\"}}]}<\/script>\r\n<!-- \/ Yoast SEO plugin. -->","yoast_head_json":{"title":"Services - Riviera Charter","robots":{"index":"index","follow":"follow","max-snippet":"max-snippet:-1","max-image-preview":"max-image-preview:large","max-video-preview":"max-video-preview:-1"},"canonical":"https:\/\/rivieracharter.fr\/en\/services\/","og_locale":"en_US","og_type":"article","og_title":"Services - Riviera Charter","og_description":"Le service \u00e0 bord Des saveurs exquises pour sublimer votre croisi\u00e8re Profitez d&rsquo;un service attentif [&hellip;]","og_url":"https:\/\/rivieracharter.fr\/en\/services\/","og_site_name":"Riviera Charter","article_modified_time":"2025-05-19T06:40:15+00:00","og_image":[{"url":"https:\/\/rivieracharter.fr\/wp-content\/uploads\/gc6002206e187073912075ffddbdba4a07c051b26367a83574468cdd51299ca27b75587d854442b84f3755160bdd841cac2775a0d0baa539d1c1ee553f56ac572_1280-7868140-680x1024.jpg","type":"","width":"","height":""}],"twitter_card":"summary_large_image","twitter_misc":{"Est. reading time":"1 minute"},"schema":{"@context":"https:\/\/schema.org","@graph":[{"@type":"WebPage","@id":"https:\/\/rivieracharter.fr\/services\/","url":"https:\/\/rivieracharter.fr\/services\/","name":"Services - Riviera Charter","isPartOf":{"@id":"https:\/\/rivieracharter.fr\/#website"},"primaryImageOfPage":{"@id":"https:\/\/rivieracharter.fr\/services\/#primaryimage"},"image":{"@id":"https:\/\/rivieracharter.fr\/services\/#primaryimage"},"thumbnailUrl":"https:\/\/rivieracharter.fr\/wp-content\/uploads\/gc6002206e187073912075ffddbdba4a07c051b26367a83574468cdd51299ca27b75587d854442b84f3755160bdd841cac2775a0d0baa539d1c1ee553f56ac572_1280-7868140-680x1024.jpg","datePublished":"2025-01-30T08:10:50+00:00","dateModified":"2025-05-19T06:40:15+00:00","breadcrumb":{"@id":"https:\/\/rivieracharter.fr\/services\/#breadcrumb"},"inLanguage":"en-US","potentialAction":[{"@type":"ReadAction","target":["https:\/\/rivieracharter.fr\/services\/"]}]},{"@type":"ImageObject","inLanguage":"en-US","@id":"https:\/\/rivieracharter.fr\/services\/#primaryimage","url":"https:\/\/rivieracharter.fr\/wp-content\/uploads\/gc6002206e187073912075ffddbdba4a07c051b26367a83574468cdd51299ca27b75587d854442b84f3755160bdd841cac2775a0d0baa539d1c1ee553f56ac572_1280-7868140-680x1024.jpg","contentUrl":"https:\/\/rivieracharter.fr\/wp-content\/uploads\/gc6002206e187073912075ffddbdba4a07c051b26367a83574468cdd51299ca27b75587d854442b84f3755160bdd841cac2775a0d0baa539d1c1ee553f56ac572_1280-7868140-680x1024.jpg"},{"@type":"BreadcrumbList","@id":"https:\/\/rivieracharter.fr\/services\/#breadcrumb","itemListElement":[{"@type":"ListItem","position":1,"name":"Accueil","item":"https:\/\/rivieracharter.fr\/"},{"@type":"ListItem","position":2,"name":"Services"}]},{"@type":"WebSite","@id":"https:\/\/rivieracharter.fr\/#website","url":"https:\/\/rivieracharter.fr\/","name":"Riviera Charter","description":"Croisi\u00e8re d&#039;exception sur la c\u00f4te d&#039;Azur","publisher":{"@id":"https:\/\/rivieracharter.fr\/#organization"},"potentialAction":[{"@type":"SearchAction","target":{"@type":"EntryPoint","urlTemplate":"https:\/\/rivieracharter.fr\/?s={search_term_string}"},"query-input":{"@type":"PropertyValueSpecification","valueRequired":true,"valueName":"search_term_string"}}],"inLanguage":"en-US"},{"@type":"Organization","@id":"https:\/\/rivieracharter.fr\/#organization","name":"Riviera Charter","url":"https:\/\/rivieracharter.fr\/","logo":{"@type":"ImageObject","inLanguage":"en-US","@id":"https:\/\/rivieracharter.fr\/#\/schema\/logo\/image\/","url":"https:\/\/rivieracharter.fr\/wp-content\/uploads\/RC-Logo.jpg","contentUrl":"https:\/\/rivieracharter.fr\/wp-content\/uploads\/RC-Logo.jpg","width":512,"height":512,"caption":"Riviera Charter"},"image":{"@id":"https:\/\/rivieracharter.fr\/#\/schema\/logo\/image\/"}}]}},"uagb_featured_image_src":{"full":false,"thumbnail":false,"medium":false,"medium_large":false,"large":false,"1536x1536":false,"2048x2048":false,"trp-custom-language-flag":false,"woocommerce_thumbnail":false,"woocommerce_single":false,"woocommerce_gallery_thumbnail":false},"uagb_author_info":{"display_name":"admin","author_link":"https:\/\/rivieracharter.fr\/en\/author\/admincharter\/"},"uagb_comment_info":0,"uagb_excerpt":"Le service \u00e0 bord Des saveurs exquises pour sublimer votre croisi\u00e8re Profitez d&rsquo;un service attentif [&hellip;]","_links":{"self":[{"href":"https:\/\/rivieracharter.fr\/en\/wp-json\/wp\/v2\/pages\/207","targetHints":{"allow":["GET"]}}],"collection":[{"href":"https:\/\/rivieracharter.fr\/en\/wp-json\/wp\/v2\/pages"}],"about":[{"href":"https:\/\/rivieracharter.fr\/en\/wp-json\/wp\/v2\/types\/page"}],"author":[{"embeddable":true,"href":"https:\/\/rivieracharter.fr\/en\/wp-json\/wp\/v2\/users\/1"}],"replies":[{"embeddable":true,"href":"https:\/\/rivieracharter.fr\/en\/wp-json\/wp\/v2\/comments?post=207"}],"version-history":[{"count":16,"href":"https:\/\/rivieracharter.fr\/en\/wp-json\/wp\/v2\/pages\/207\/revisions"}],"predecessor-version":[{"id":756,"href":"https:\/\/rivieracharter.fr\/en\/wp-json\/wp\/v2\/pages\/207\/revisions\/756"}],"wp:attachment":[{"href":"https:\/\/rivieracharter.fr\/en\/wp-json\/wp\/v2\/media?parent=207"}],"curies":[{"name":"wp","href":"https:\/\/api.w.org\/{rel}","templated":true}]}}