{"id":3,"date":"2025-01-22T13:09:17","date_gmt":"2025-01-22T13:09:17","guid":{"rendered":"https:\/\/rivieracharter.fr\/?page_id=3"},"modified":"2025-04-20T07:08:46","modified_gmt":"2025-04-20T07:08:46","slug":"privacy-policy","status":"publish","type":"page","link":"https:\/\/rivieracharter.fr\/en\/privacy-policy\/","title":{"rendered":"Mentions legales"},"content":{"rendered":"<div class=\"wp-block-uagb-container uagb-block-0e051f7f default uagb-is-root-container\">\n<p class=\"wp-block-paragraph\">En vigueur au 01\/04\/2025<br><br> <br><br>Conform\u00e9ment aux dispositions des Articles 6-III et 19 de la Loi n\u00b02004-575 du 21 Juin 2004 pour la Confiance dans l\u2019\u00e9conomie num\u00e9rique, dite L.C.E.N., il est port\u00e9 \u00e0 connaissance des Utilisateurs du site rivieracharter.fr les pr\u00e9sentes mentions l\u00e9gales.<br><br>La connexion et la navigation sur le site rivieracharter.fr par l\u2019Utilisateur implique acceptation int\u00e9grale et sans r\u00e9serve des pr\u00e9sentes mentions l\u00e9gales.<br><br>ARTICLE 1 \u2013 L\u2019\u00c9DITEUR<br>L\u2019\u00e9dition du site rivieracharter.fr est assur\u00e9 par la soci\u00e9t\u00e9 SAS OCARINASPARK au capital de 500 euros, immatricul\u00e9e au RCS de Nanterre sous le num\u00e9ro 830094645 dont le si\u00e8ge social est situ\u00e9 au 8 rue de l\u2019Est, adresse email : contact@ocarinaspark.com<br><br>N\u00b0 de TVA intracommunautaire : FR37830094645<br><br>ARTICLE 2 \u2013 ACCES AU SITE<br>Le site est accessible par tout endroit, 7j\/7, 24h\/24 sauf en cas de force majeure, interruption programm\u00e9e ou non et pouvant d\u00e9couler d\u2019une n\u00e9cessit\u00e9 de maintenance.<br><br>En cas de modification, interruption ou suspension des services le site rivieracharter.fr ne saurait \u00eatre tenu responsable.<br><br>ARTICLE 3 \u2013 COLLECTE DES DONN\u00c9ES<br>Le site assure \u00e0 l\u2019Utilisateur une collecte et un traitement d\u2019informations personnelles dans le respect de la vie priv\u00e9e conform\u00e9ment \u00e0 la Loi n\u00b078-17 du 6 Janvier 1978 relative \u00e0 l\u2019informatique, aux fichiers et aux libert\u00e9s. <br><br>En vertu de la Loi informatique et Libert\u00e9s, en date du 6 Janvier 1978, l\u2019Utilisateur dispose d\u2019un droit d\u2019acc\u00e8s, de rectification, de suppression et d\u2019opposition de ses donn\u00e9es personnelles. L\u2019Utilisateur exerce ce droit par email \u00e0 l\u2019adresse : contact@rivieracharter.fr<br><br>ARTICLE 4 \u2013 COOKIES<br>L\u2019Utilisateur est inform\u00e9 que lors de ses visites sur le site, un cookie peut s\u2019installer automatiquement sur son logiciel de navigation.<br><br>En naviguant sur le site il les accepte.<br><br>Un cookie est un \u00e9l\u00e9ment qui ne permet pas d\u2019identifier un l\u2019Utilisateur mais sert \u00e0 enregistrer des informations relative \u00e0 la navigation de celui-ci sur le site internet. L\u2019Utilisateur pourra d\u00e9sactiver ce cookie par l\u2019interm\u00e9diaire des param\u00e8tres figurant au sein de son logiciel de navigation.<br><br>ARTICLE 5 \u2013 PROPRIETE INTELLECTUELLE<br>Toute utilisation, reproduction, diffusion, commercialisation modification de toute ou partie du site rivieracharter.fr sans autorisation de l\u2019Editeur est prohib\u00e9e et pourra entra\u00eener des actions de poursuite judiciaires telles que notamment pr\u00e9vues par le Code de la propri\u00e9t\u00e9 intellectuelle et le Code civil.<br><br>Pour plus d\u2019informations, se reporter aux CGV du site rivieracharter.fr accessible \u00e0 la rubrique  \u201cCGV\u201d.<\/p>\n<\/div>","protected":false},"excerpt":{"rendered":"<p>En vigueur au 01\/04\/2025 Conform\u00e9ment aux dispositions des Articles 6-III et 19 de la Loi [&hellip;]<\/p>\n","protected":false},"author":1,"featured_media":0,"parent":0,"menu_order":0,"comment_status":"closed","ping_status":"open","template":"","meta":{"_crdt_document":"","_uag_custom_page_level_css":"","footnotes":""},"class_list":["post-3","page","type-page","status-publish","hentry"],"yoast_head":"<!-- This site is optimized with the Yoast SEO plugin v27.6 - https:\/\/yoast.com\/product\/yoast-seo-wordpress\/ -->\r\n<title>Mentions legales - Riviera Charter<\/title>\r\n<meta name=\"robots\" content=\"index, follow, max-snippet:-1, max-image-preview:large, max-video-preview:-1\" \/>\r\n<link rel=\"canonical\" href=\"https:\/\/rivieracharter.fr\/en\/privacy-policy\/\" \/>\r\n<meta property=\"og:locale\" content=\"en_US\" \/>\r\n<meta property=\"og:type\" content=\"article\" \/>\r\n<meta property=\"og:title\" content=\"Mentions legales - Riviera Charter\" \/>\r\n<meta property=\"og:description\" content=\"En vigueur au 01\/04\/2025 Conform\u00e9ment aux dispositions des Articles 6-III et 19 de la Loi [&hellip;]\" \/>\r\n<meta property=\"og:url\" content=\"https:\/\/rivieracharter.fr\/en\/privacy-policy\/\" \/>\r\n<meta property=\"og:site_name\" content=\"Riviera Charter\" \/>\r\n<meta property=\"article:modified_time\" content=\"2025-04-20T07:08:46+00:00\" \/>\r\n<meta name=\"twitter:card\" content=\"summary_large_image\" \/>\r\n<meta name=\"twitter:label1\" content=\"Est. reading time\" \/>\n\t<meta name=\"twitter:data1\" content=\"2 minutes\" \/>\r\n<script type=\"application\/ld+json\" class=\"yoast-schema-graph\">{\"@context\":\"https:\\\/\\\/schema.org\",\"@graph\":[{\"@type\":\"WebPage\",\"@id\":\"https:\\\/\\\/rivieracharter.fr\\\/privacy-policy\\\/\",\"url\":\"https:\\\/\\\/rivieracharter.fr\\\/privacy-policy\\\/\",\"name\":\"Mentions legales - Riviera Charter\",\"isPartOf\":{\"@id\":\"https:\\\/\\\/rivieracharter.fr\\\/#website\"},\"datePublished\":\"2025-01-22T13:09:17+00:00\",\"dateModified\":\"2025-04-20T07:08:46+00:00\",\"breadcrumb\":{\"@id\":\"https:\\\/\\\/rivieracharter.fr\\\/privacy-policy\\\/#breadcrumb\"},\"inLanguage\":\"en-US\",\"potentialAction\":[{\"@type\":\"ReadAction\",\"target\":[\"https:\\\/\\\/rivieracharter.fr\\\/privacy-policy\\\/\"]}]},{\"@type\":\"BreadcrumbList\",\"@id\":\"https:\\\/\\\/rivieracharter.fr\\\/privacy-policy\\\/#breadcrumb\",\"itemListElement\":[{\"@type\":\"ListItem\",\"position\":1,\"name\":\"Accueil\",\"item\":\"https:\\\/\\\/rivieracharter.fr\\\/\"},{\"@type\":\"ListItem\",\"position\":2,\"name\":\"Mentions legales\"}]},{\"@type\":\"WebSite\",\"@id\":\"https:\\\/\\\/rivieracharter.fr\\\/#website\",\"url\":\"https:\\\/\\\/rivieracharter.fr\\\/\",\"name\":\"Riviera Charter\",\"description\":\"Croisi\u00e8re d&#039;exception sur la c\u00f4te d&#039;Azur\",\"publisher\":{\"@id\":\"https:\\\/\\\/rivieracharter.fr\\\/#organization\"},\"potentialAction\":[{\"@type\":\"SearchAction\",\"target\":{\"@type\":\"EntryPoint\",\"urlTemplate\":\"https:\\\/\\\/rivieracharter.fr\\\/?s={search_term_string}\"},\"query-input\":{\"@type\":\"PropertyValueSpecification\",\"valueRequired\":true,\"valueName\":\"search_term_string\"}}],\"inLanguage\":\"en-US\"},{\"@type\":\"Organization\",\"@id\":\"https:\\\/\\\/rivieracharter.fr\\\/#organization\",\"name\":\"Riviera Charter\",\"url\":\"https:\\\/\\\/rivieracharter.fr\\\/\",\"logo\":{\"@type\":\"ImageObject\",\"inLanguage\":\"en-US\",\"@id\":\"https:\\\/\\\/rivieracharter.fr\\\/#\\\/schema\\\/logo\\\/image\\\/\",\"url\":\"https:\\\/\\\/rivieracharter.fr\\\/wp-content\\\/uploads\\\/RC-Logo.jpg\",\"contentUrl\":\"https:\\\/\\\/rivieracharter.fr\\\/wp-content\\\/uploads\\\/RC-Logo.jpg\",\"width\":512,\"height\":512,\"caption\":\"Riviera Charter\"},\"image\":{\"@id\":\"https:\\\/\\\/rivieracharter.fr\\\/#\\\/schema\\\/logo\\\/image\\\/\"}}]}<\/script>\r\n<!-- \/ Yoast SEO plugin. -->","yoast_head_json":{"title":"Mentions legales - Riviera Charter","robots":{"index":"index","follow":"follow","max-snippet":"max-snippet:-1","max-image-preview":"max-image-preview:large","max-video-preview":"max-video-preview:-1"},"canonical":"https:\/\/rivieracharter.fr\/en\/privacy-policy\/","og_locale":"en_US","og_type":"article","og_title":"Mentions legales - Riviera Charter","og_description":"En vigueur au 01\/04\/2025 Conform\u00e9ment aux dispositions des Articles 6-III et 19 de la Loi [&hellip;]","og_url":"https:\/\/rivieracharter.fr\/en\/privacy-policy\/","og_site_name":"Riviera Charter","article_modified_time":"2025-04-20T07:08:46+00:00","twitter_card":"summary_large_image","twitter_misc":{"Est. reading time":"2 minutes"},"schema":{"@context":"https:\/\/schema.org","@graph":[{"@type":"WebPage","@id":"https:\/\/rivieracharter.fr\/privacy-policy\/","url":"https:\/\/rivieracharter.fr\/privacy-policy\/","name":"Mentions legales - Riviera Charter","isPartOf":{"@id":"https:\/\/rivieracharter.fr\/#website"},"datePublished":"2025-01-22T13:09:17+00:00","dateModified":"2025-04-20T07:08:46+00:00","breadcrumb":{"@id":"https:\/\/rivieracharter.fr\/privacy-policy\/#breadcrumb"},"inLanguage":"en-US","potentialAction":[{"@type":"ReadAction","target":["https:\/\/rivieracharter.fr\/privacy-policy\/"]}]},{"@type":"BreadcrumbList","@id":"https:\/\/rivieracharter.fr\/privacy-policy\/#breadcrumb","itemListElement":[{"@type":"ListItem","position":1,"name":"Accueil","item":"https:\/\/rivieracharter.fr\/"},{"@type":"ListItem","position":2,"name":"Mentions legales"}]},{"@type":"WebSite","@id":"https:\/\/rivieracharter.fr\/#website","url":"https:\/\/rivieracharter.fr\/","name":"Riviera Charter","description":"Croisi\u00e8re d&#039;exception sur la c\u00f4te d&#039;Azur","publisher":{"@id":"https:\/\/rivieracharter.fr\/#organization"},"potentialAction":[{"@type":"SearchAction","target":{"@type":"EntryPoint","urlTemplate":"https:\/\/rivieracharter.fr\/?s={search_term_string}"},"query-input":{"@type":"PropertyValueSpecification","valueRequired":true,"valueName":"search_term_string"}}],"inLanguage":"en-US"},{"@type":"Organization","@id":"https:\/\/rivieracharter.fr\/#organization","name":"Riviera Charter","url":"https:\/\/rivieracharter.fr\/","logo":{"@type":"ImageObject","inLanguage":"en-US","@id":"https:\/\/rivieracharter.fr\/#\/schema\/logo\/image\/","url":"https:\/\/rivieracharter.fr\/wp-content\/uploads\/RC-Logo.jpg","contentUrl":"https:\/\/rivieracharter.fr\/wp-content\/uploads\/RC-Logo.jpg","width":512,"height":512,"caption":"Riviera Charter"},"image":{"@id":"https:\/\/rivieracharter.fr\/#\/schema\/logo\/image\/"}}]}},"uagb_featured_image_src":{"full":false,"thumbnail":false,"medium":false,"medium_large":false,"large":false,"1536x1536":false,"2048x2048":false,"trp-custom-language-flag":false,"woocommerce_thumbnail":false,"woocommerce_single":false,"woocommerce_gallery_thumbnail":false},"uagb_author_info":{"display_name":"admin","author_link":"https:\/\/rivieracharter.fr\/en\/author\/admincharter\/"},"uagb_comment_info":0,"uagb_excerpt":"En vigueur au 01\/04\/2025 Conform\u00e9ment aux dispositions des Articles 6-III et 19 de la Loi [&hellip;]","_links":{"self":[{"href":"https:\/\/rivieracharter.fr\/en\/wp-json\/wp\/v2\/pages\/3","targetHints":{"allow":["GET"]}}],"collection":[{"href":"https:\/\/rivieracharter.fr\/en\/wp-json\/wp\/v2\/pages"}],"about":[{"href":"https:\/\/rivieracharter.fr\/en\/wp-json\/wp\/v2\/types\/page"}],"author":[{"embeddable":true,"href":"https:\/\/rivieracharter.fr\/en\/wp-json\/wp\/v2\/users\/1"}],"replies":[{"embeddable":true,"href":"https:\/\/rivieracharter.fr\/en\/wp-json\/wp\/v2\/comments?post=3"}],"version-history":[{"count":7,"href":"https:\/\/rivieracharter.fr\/en\/wp-json\/wp\/v2\/pages\/3\/revisions"}],"predecessor-version":[{"id":731,"href":"https:\/\/rivieracharter.fr\/en\/wp-json\/wp\/v2\/pages\/3\/revisions\/731"}],"wp:attachment":[{"href":"https:\/\/rivieracharter.fr\/en\/wp-json\/wp\/v2\/media?parent=3"}],"curies":[{"name":"wp","href":"https:\/\/api.w.org\/{rel}","templated":true}]}}